{"id":2175,"date":"2024-08-14T17:13:42","date_gmt":"2024-08-14T16:13:42","guid":{"rendered":"https:\/\/musictogethersilvercoast.pt\/?page_id=2175"},"modified":"2026-04-12T23:14:29","modified_gmt":"2026-04-12T22:14:29","slug":"demo-events","status":"publish","type":"page","link":"https:\/\/musictogethersilvercoast.pt\/pt\/demo-events\/","title":{"rendered":"Eventos Demo"},"content":{"rendered":"<div class=\"et_pb_section_0 et_pb_section et_section_regular et_block_section\"><div class=\"et_pb_row_0 et_pb_row et_block_row\"><div class=\"et_pb_column_0 et_pb_column et_pb_column_4_4 et-last-child et_block_column et_pb_css_mix_blend_mode_passthrough\"><div class=\"et_pb_heading_0 et_pb_heading et_pb_module et_block_module\"><div class=\"et_pb_heading_container\"><h1 class=\"et_pb_module_header\">Pr\u00f3ximos eventos gratuitos<\/h1><\/div><\/div><\/div><\/div><div class=\"et_pb_row_1 et_pb_row et_block_row\"><div class=\"et_pb_column_1 et_pb_column et_pb_column_1_3 et_block_column et_pb_css_mix_blend_mode_passthrough\"><div class=\"et_pb_image_0 et_pb_image et_pb_module et_block_module\"><span class=\"et_pb_image_wrap\"><img loading=\"lazy\" decoding=\"async\" src=\"https:\/\/musictogethersilvercoast.pt\/wp-content\/uploads\/sites\/12\/2024\/01\/Silky-fun.jpg\" width=\"1389\" height=\"1042\" srcset=\"https:\/\/musictogethersilvercoast.pt\/wp-content\/uploads\/sites\/12\/2024\/01\/Silky-fun.jpg 1389w, https:\/\/musictogethersilvercoast.pt\/wp-content\/uploads\/sites\/12\/2024\/01\/Silky-fun-1280x960.jpg 1280w, https:\/\/musictogethersilvercoast.pt\/wp-content\/uploads\/sites\/12\/2024\/01\/Silky-fun-980x735.jpg 980w, https:\/\/musictogethersilvercoast.pt\/wp-content\/uploads\/sites\/12\/2024\/01\/Silky-fun-480x360.jpg 480w\" sizes=\"(min-width: 0px) and (max-width: 480px) 480px, (min-width: 481px) and (max-width: 980px) 980px, (min-width: 981px) and (max-width: 1280px) 1280px, (min-width: 1281px) 1389px, 100vw\" class=\"wp-image-927\" title=\"Silky fun\" \/><\/span><\/div><\/div><div class=\"et_pb_column_2 et_pb_column et_pb_column_2_3 et-last-child et_block_column et_pb_css_mix_blend_mode_passthrough\"><div class=\"et_pb_text_0 et_pb_text et_pb_bg_layout_light et_pb_module et_block_module\"><div class=\"et_pb_text_inner\"><div id=\"section-page-header\" class=\"section-outer\">\n<div class=\"section-inner\">\n<p class=\"header\"><span style=\"font-size: 16px;\">Quer experimentar uma sess\u00e3o para fam\u00edlias? Aqui est\u00e3o os eventos que estamos a organizar ou participar: <\/span><\/p>\n<p class=\"header\"><span style=\"font-size: 16px;\">Caso n\u00e3o haja nenhum evento nesta p\u00e1gina, pode optar por experimentar uma das nossas sess\u00f5es.<\/span><span style=\"font-size: 16px;\">\u00a0<\/span><a class=\"customLink\" href=\"https:\/\/musictogethersilvercoast.pt\/pt\/try-a-session\/\" style=\"font-size: 16px;\">aqui<\/a><span style=\"font-size: 16px;\">).<\/span><\/p>\n<\/div>\n<\/div>\n<div id=\"section-main\" class=\"section-outer\">\n<div class=\"section-inner pageBody\">\n<div class=\"section-inner\">\n<div class=\"pageBody\" id=\"pageContent\">\n<div class=\"page-summary cms-content\">\n<div class=\"cms-content-inner\">\n<p>Esperamos que depois se inscreva nas nossas aulas semanais.\u00a0<\/p>\n<p>Tem d\u00favidas ou precisa de ajuda? Ligue para\u00a0<a href=\"tel:516-946-7374\"><\/a>928128633 or email us <a href=\"mailto:hello@musictogethersilvercoast.pt\">hello@musictogethersilvercoast.pt<\/a><\/p>\n<\/div>\n<\/div>\n<\/div>\n<\/div>\n<\/div>\n<\/div>\n<\/div><\/div><div class=\"et_pb_image_1 et_pb_image et_pb_module et_block_module\"><a href=\"https:\/\/wa.me\/351928128633\"><span class=\"et_pb_image_wrap\"><img loading=\"lazy\" decoding=\"async\" src=\"https:\/\/musictogethersilvercoast.pt\/wp-content\/uploads\/sites\/12\/2025\/03\/WhatsAppButtonGreenSmall.png\" width=\"320\" height=\"72\" srcset=\"https:\/\/musictogethersilvercoast.pt\/wp-content\/uploads\/sites\/12\/2025\/03\/WhatsAppButtonGreenSmall.png 320w, https:\/\/musictogethersilvercoast.pt\/wp-content\/uploads\/sites\/12\/2025\/03\/WhatsAppButtonGreenSmall-300x68.png 300w, https:\/\/musictogethersilvercoast.pt\/wp-content\/uploads\/sites\/12\/2025\/03\/WhatsAppButtonGreenSmall-18x4.png 18w\" sizes=\"(max-width: 320px) 100vw, 320px\" class=\"wp-image-2611\" title=\"WhatsAppButtonGreenSmall\" \/><\/span><\/a><\/div><\/div><\/div><div class=\"et_pb_row_2 et_pb_row et_block_row\"><div class=\"et_pb_column_3 et_pb_column et_pb_column_1_2 et_block_column et_pb_css_mix_blend_mode_passthrough\"><div class=\"et_pb_testimonial_0 et_pb_testimonial et_pb_testimonial_no_image et_pb_bg_layout_light et_pb_module et_block_module\"><div class=\"et_pb_testimonial_inner\"><div class=\"et_pb_testimonial_description\"><div class=\"et_pb_testimonial_description_inner\"><div class=\"et_pb_testimonial_content\"><p><em>Among my happiest memories from Sarah's toddler years were the times we spent at Music Together. It was the highlight of our week because for that hour we could just be together in a supportive, creative, and joyful environment.<\/em><\/p>\n<\/div><\/div><div class=\"et_pb_testimonial_meta\"><\/div><\/div><\/div><\/div><\/div><div class=\"et_pb_column_4 et_pb_column et_pb_column_1_2 et-last-child et_block_column et_pb_css_mix_blend_mode_passthrough\"><div class=\"et_pb_testimonial_1 et_pb_testimonial et_pb_testimonial_no_image et_pb_bg_layout_light et_pb_module et_block_module\"><div class=\"et_pb_testimonial_inner\"><div class=\"et_pb_testimonial_description\"><div class=\"et_pb_testimonial_description_inner\"><div class=\"et_pb_testimonial_content\"><p><em>(traduzido) Depois de participar nas aulas com a minha filha, percebi que ficava muito feliz por ter outra pessoa a tomar conta das coisas por um bocado e realmente comecei a cantar e tocar juntas. Obrigada! Todos n\u00f3s ficamos radiantes!<\/em><\/p>\n<\/div><\/div><div class=\"et_pb_testimonial_meta\"><\/div><\/div><\/div><\/div><\/div><\/div><div class=\"et_pb_row_3 et_pb_row et_pb_row_4col et_block_row et_block_row_4col\"><div class=\"et_pb_column_5 et_pb_column et_pb_column_1_4 et_block_column et_pb_css_mix_blend_mode_passthrough\"><div class=\"et_pb_image_2 et_pb_image et_pb_module et_block_module\"><span class=\"et_pb_image_wrap\"><img loading=\"lazy\" decoding=\"async\" src=\"https:\/\/musictogethersilvercoast.pt\/wp-content\/uploads\/sites\/12\/2024\/01\/Ducks.jpg\" width=\"700\" height=\"751\" srcset=\"https:\/\/musictogethersilvercoast.pt\/wp-content\/uploads\/sites\/12\/2024\/01\/Ducks.jpg 700w, https:\/\/musictogethersilvercoast.pt\/wp-content\/uploads\/sites\/12\/2024\/01\/Ducks-480x515.jpg 480w\" sizes=\"(min-width: 0px) and (max-width: 480px) 480px, (min-width: 481px) 700px, 100vw\" class=\"wp-image-644\" title=\"Ducks\" \/><\/span><\/div><\/div><div class=\"et_pb_column_6 et_pb_column et_pb_column_1_4 et_block_column et_pb_css_mix_blend_mode_passthrough\"><div class=\"et_pb_image_3 et_pb_image et_pb_module et_block_module\"><span class=\"et_pb_image_wrap\"><img loading=\"lazy\" decoding=\"async\" src=\"https:\/\/musictogethersilvercoast.pt\/wp-content\/uploads\/sites\/12\/2024\/01\/canvascamp_sibley_sidewall_1.jpg\" width=\"800\" height=\"533\" srcset=\"https:\/\/musictogethersilvercoast.pt\/wp-content\/uploads\/sites\/12\/2024\/01\/canvascamp_sibley_sidewall_1.jpg 800w, https:\/\/musictogethersilvercoast.pt\/wp-content\/uploads\/sites\/12\/2024\/01\/canvascamp_sibley_sidewall_1-480x320.jpg 480w\" sizes=\"(min-width: 0px) and (max-width: 480px) 480px, (min-width: 481px) 800px, 100vw\" class=\"wp-image-645\" title=\"canvascamp_sibley_sidewall_1\" \/><\/span><\/div><\/div><div class=\"et_pb_column_7 et_pb_column et_pb_column_1_4 et_block_column et_pb_css_mix_blend_mode_passthrough\"><div class=\"et_pb_image_4 et_pb_image et_pb_module et_block_module\"><span class=\"et_pb_image_wrap\"><img loading=\"lazy\" decoding=\"async\" src=\"https:\/\/musictogethersilvercoast.pt\/wp-content\/uploads\/sites\/12\/2024\/02\/20240206_163640-scaled.jpg\" width=\"2560\" height=\"1920\" srcset=\"https:\/\/musictogethersilvercoast.pt\/wp-content\/uploads\/sites\/12\/2024\/02\/20240206_163640-scaled.jpg 2560w, https:\/\/musictogethersilvercoast.pt\/wp-content\/uploads\/sites\/12\/2024\/02\/20240206_163640-1280x960.jpg 1280w, https:\/\/musictogethersilvercoast.pt\/wp-content\/uploads\/sites\/12\/2024\/02\/20240206_163640-980x735.jpg 980w, https:\/\/musictogethersilvercoast.pt\/wp-content\/uploads\/sites\/12\/2024\/02\/20240206_163640-480x360.jpg 480w\" sizes=\"(min-width: 0px) and (max-width: 480px) 480px, (min-width: 481px) and (max-width: 980px) 980px, (min-width: 981px) and (max-width: 1280px) 1280px, (min-width: 1281px) 2560px, 100vw\" class=\"wp-image-928\" title=\"20240206_163640\" alt=\"Music Together Eggs Shakers\" \/><\/span><\/div><\/div><div class=\"et_pb_column_8 et_pb_column et_pb_column_1_4 et-last-child et_block_column et_pb_css_mix_blend_mode_passthrough\"><div class=\"et_pb_image_5 et_pb_image et_pb_module et_block_module\"><span class=\"et_pb_image_wrap\"><img loading=\"lazy\" decoding=\"async\" src=\"https:\/\/musictogethersilvercoast.pt\/wp-content\/uploads\/sites\/12\/2024\/01\/Silky-fun.jpg\" width=\"1389\" height=\"1042\" srcset=\"https:\/\/musictogethersilvercoast.pt\/wp-content\/uploads\/sites\/12\/2024\/01\/Silky-fun.jpg 1389w, https:\/\/musictogethersilvercoast.pt\/wp-content\/uploads\/sites\/12\/2024\/01\/Silky-fun-1280x960.jpg 1280w, https:\/\/musictogethersilvercoast.pt\/wp-content\/uploads\/sites\/12\/2024\/01\/Silky-fun-980x735.jpg 980w, https:\/\/musictogethersilvercoast.pt\/wp-content\/uploads\/sites\/12\/2024\/01\/Silky-fun-480x360.jpg 480w\" sizes=\"(min-width: 0px) and (max-width: 480px) 480px, (min-width: 481px) and (max-width: 980px) 980px, (min-width: 981px) and (max-width: 1280px) 1280px, (min-width: 1281px) 1389px, 100vw\" class=\"wp-image-927\" title=\"Silky fun\" \/><\/span><\/div><\/div><\/div><\/div>","protected":false},"excerpt":{"rendered":"","protected":false},"author":2,"featured_media":0,"parent":0,"menu_order":0,"comment_status":"closed","ping_status":"closed","template":"","meta":{"footnotes":""},"class_list":["post-2175","page","type-page","status-publish","hentry"],"_links":{"self":[{"href":"https:\/\/musictogethersilvercoast.pt\/pt\/wp-json\/wp\/v2\/pages\/2175","targetHints":{"allow":["GET"]}}],"collection":[{"href":"https:\/\/musictogethersilvercoast.pt\/pt\/wp-json\/wp\/v2\/pages"}],"about":[{"href":"https:\/\/musictogethersilvercoast.pt\/pt\/wp-json\/wp\/v2\/types\/page"}],"author":[{"embeddable":true,"href":"https:\/\/musictogethersilvercoast.pt\/pt\/wp-json\/wp\/v2\/users\/2"}],"replies":[{"embeddable":true,"href":"https:\/\/musictogethersilvercoast.pt\/pt\/wp-json\/wp\/v2\/comments?post=2175"}],"version-history":[{"count":15,"href":"https:\/\/musictogethersilvercoast.pt\/pt\/wp-json\/wp\/v2\/pages\/2175\/revisions"}],"predecessor-version":[{"id":2852,"href":"https:\/\/musictogethersilvercoast.pt\/pt\/wp-json\/wp\/v2\/pages\/2175\/revisions\/2852"}],"wp:attachment":[{"href":"https:\/\/musictogethersilvercoast.pt\/pt\/wp-json\/wp\/v2\/media?parent=2175"}],"curies":[{"name":"wp","href":"https:\/\/api.w.org\/{rel}","templated":true}]}}