{"id":2367,"date":"2024-10-30T19:34:29","date_gmt":"2024-10-30T19:34:29","guid":{"rendered":"https:\/\/musictogethersilvercoast.pt\/?page_id=2367"},"modified":"2026-05-04T19:01:12","modified_gmt":"2026-05-04T18:01:12","slug":"music-together-silver-coast-winter-season","status":"publish","type":"page","link":"https:\/\/musictogethersilvercoast.pt\/pt\/","title":{"rendered":"Music Together Silver Coast"},"content":{"rendered":"<div class=\"et_pb_section_0 et_pb_section et_pb_fullwidth_section et_section_regular et_block_section\">\n<div class=\"et_pb_fullwidth_image_0 et_pb_fullwidth_image et_pb_module\"><img loading=\"lazy\" decoding=\"async\" src=\"https:\/\/musictogethersilvercoast.pt\/wp-content\/uploads\/sites\/12\/2026\/02\/flower-garden-1-scaled.jpg\" width=\"2560\" height=\"866\" srcset=\"https:\/\/musictogethersilvercoast.pt\/wp-content\/uploads\/sites\/12\/2026\/02\/flower-garden-1-scaled.jpg 2560w, https:\/\/musictogethersilvercoast.pt\/wp-content\/uploads\/sites\/12\/2026\/02\/flower-garden-1-1280x433.jpg 1280w, https:\/\/musictogethersilvercoast.pt\/wp-content\/uploads\/sites\/12\/2026\/02\/flower-garden-1-980x332.jpg 980w, https:\/\/musictogethersilvercoast.pt\/wp-content\/uploads\/sites\/12\/2026\/02\/flower-garden-1-480x162.jpg 480w\" sizes=\"(min-width: 0px) and (max-width: 480px) 480px, (min-width: 481px) and (max-width: 980px) 980px, (min-width: 981px) and (max-width: 1280px) 1280px, (min-width: 1281px) 2560px, 100vw\" class=\"wp-image-2724\" title=\"OLYMPUS DIGITAL CAMERA\" \/><\/div>\n<\/div>\n\n<div class=\"et_pb_section_1 et_pb_section et_section_regular et_block_section\">\n<div class=\"et_pb_row_0 et_pb_row et_block_row\">\n<div class=\"et_pb_column_0 et_pb_column et_pb_column_4_4 et-last-child et_block_column et_pb_css_mix_blend_mode_passthrough\">\n<div class=\"et_pb_heading_0 et_pb_heading et_pb_module et_block_module\"><div class=\"et_pb_heading_container\"><h1 class=\"et_pb_module_header\">M\u00fasica para Fam\u00edlias na Regi\u00e3o do Oeste<\/h1><\/div><\/div>\n\n<div class=\"et_pb_text_0 et_pb_text et_pb_bg_layout_light et_pb_module et_block_module\"><div class=\"et_pb_text_inner\"><p>Vive a alegria de fazer m\u00fasica juntos. Junta-te \u00e0s nossas aulas \u00edntimas em jardim, banhadas de sol, em Salir do Porto. O Music Together\u00ae \u00e9 a refer\u00eancia de excel\u00eancia na educa\u00e7\u00e3o musical na primeira inf\u00e2ncia, amado por milh\u00f5es de fam\u00edlias em mais de 40 pa\u00edses.<\/p>\n<\/div><\/div>\n\n<div class=\"et_pb_text_1 et_pb_text et_pb_bg_layout_light et_pb_module et_block_module\"><div class=\"et_pb_text_inner\"><p data-path-to-node=\"10,1\">N\u00e3o nos limitamos a entreter a tua fam\u00edlia \u2014 ensinamos as crian\u00e7as a linguagem da m\u00fasica. Atrav\u00e9s do nosso curr\u00edculo baseado em investiga\u00e7\u00e3o, o teu filho desenvolve sentido r\u00edtmico, afina\u00e7\u00e3o e confian\u00e7a musical \u2014 tudo atrav\u00e9s da alegria de brincar.<\/p>\n<p data-path-to-node=\"10,2\"><b data-path-to-node=\"10,2\" data-index-in-node=\"0\">A tua inscri\u00e7\u00e3o inclui:<\/b><\/p>\n<ul data-path-to-node=\"10,3\">\n<li>\n<p data-path-to-node=\"10,3,0,0\">Sess\u00f5es semanais de 45 minutos.<\/p>\n<\/li>\n<li>\n<p data-path-to-node=\"10,3,1,0\">Cancioneiro ilustrado e \u00e1lbum musical.<\/p>\n<\/li>\n<li>\n<p data-path-to-node=\"10,3,2,0\">Acesso exclusivo \u00e0 App Music Together\u00ae.<\/p>\n<\/li>\n<li>\n<p data-path-to-node=\"10,3,3,0\">Educa\u00e7\u00e3o parental para apoiar o desenvolvimento em casa.<\/p>\n<\/li>\n<li>Irm\u00e3os participam gratuitamente.<\/li>\n<\/ul>\n<\/div><\/div>\n\n<div class=\"et_pb_module et_pb_button_module_wrapper et_pb_button_0_wrapper\"><a class=\"et_pb_button_0 et_pb_button et_pb_bg_layout_light et_pb_module et_block_module\" href=\"https:\/\/musictogethersilvercoast.pt\/pt\/spring-2026-interest\/\">Join the Summer 2026 Interest List<\/a><\/div>\n<\/div>\n<\/div>\n\n<div class=\"et_pb_row_1 et_pb_row et_block_row\">\n<div class=\"et_pb_column_1 et_pb_column et_pb_column_1_3 et_block_column et_pb_css_mix_blend_mode_passthrough\">\n<div class=\"et_pb_blurb_0 et_pb_blurb et_pb_bg_layout_light et_pb_blurb_position_top et_pb_module et_block_module\"><div class=\"et_pb_blurb_content\"><div class=\"et_pb_main_blurb_image\"><span class=\"et_pb_image_wrap et_pb_only_image_mode_wrap\"><img loading=\"lazy\" decoding=\"async\" src=\"https:\/\/musictogethersilvercoast.pt\/wp-content\/uploads\/sites\/12\/2026\/02\/Babies-300x225.png\" width=\"300\" height=\"225\" srcset=\"https:\/\/musictogethersilvercoast.pt\/wp-content\/uploads\/sites\/12\/2026\/02\/Babies-300x225.png 300w\" class=\"et_animated wp-image-2706\" alt=\"Music Together Babies Class\" \/><\/span><\/div><div class=\"et_pb_blurb_container\"><h4 class=\"et_pb_module_header\">Beb\u00e9s (0\u20136 meses)<\/h4><div class=\"et_pb_blurb_description\"><p>Um in\u00edcio suave e musical para ti e o teu beb\u00e9. Liga-te a outros pais recentes num ambiente calmo e acolhedor, onde nos focamos no v\u00ednculo afetivo, no desenvolvimento musical e no poder das can\u00e7\u00f5es de embalar. Um momento especial que guardar\u00e1s para sempre.\u00a0<\/p>\n<p>&nbsp;<\/p>\n<\/div><\/div><\/div><\/div>\n\n<div class=\"et_pb_module et_pb_button_module_wrapper et_pb_button_1_wrapper\"><a class=\"et_pb_button_1 et_pb_button et_pb_bg_layout_light et_pb_module et_block_module\" href=\"https:\/\/musictogethersilvercoast.pt\/pt\/spring-2026-interest\/\">Junta-te \u00e0 Lista de Beb\u00e9s<\/a><\/div>\n<\/div>\n\n<div class=\"et_pb_column_2 et_pb_column et_pb_column_1_3 et_block_column et_pb_css_mix_blend_mode_passthrough\">\n<div class=\"et_pb_blurb_1 et_pb_blurb et_pb_bg_layout_light et_pb_blurb_position_top et_pb_module et_block_module\"><div class=\"et_pb_blurb_content\"><div class=\"et_pb_main_blurb_image\"><span class=\"et_pb_image_wrap et_pb_only_image_mode_wrap\"><img loading=\"lazy\" decoding=\"async\" src=\"https:\/\/musictogethersilvercoast.pt\/wp-content\/uploads\/sites\/12\/2026\/02\/Mixed-Ages-300x225.png\" width=\"300\" height=\"225\" srcset=\"https:\/\/musictogethersilvercoast.pt\/wp-content\/uploads\/sites\/12\/2026\/02\/Mixed-Ages-300x225.png 300w\" class=\"et_animated wp-image-2705\" alt=\"Music Together Babies Class\" \/><\/span><\/div><div class=\"et_pb_blurb_container\"><h4 class=\"et_pb_module_header\">Turma Familiar de Idades Mistas (0\u20134 anos)<\/h4><div class=\"et_pb_blurb_description\"><p>A nossa aula mais popular! Os irm\u00e3os aprendem juntos numa roda animada e cheia de energia. Cantamos, dan\u00e7amos e exploramos o ritmo de uma forma que envolve beb\u00e9s, crian\u00e7as pequenas e os adultos que as adoram.<\/p>\n<p>&nbsp;<\/p>\n<\/div><\/div><\/div><\/div>\n\n<div class=\"et_pb_module et_pb_button_module_wrapper et_pb_button_2_wrapper\"><a class=\"et_pb_button_2 et_pb_button et_pb_bg_layout_light et_pb_module et_block_module\" href=\"https:\/\/musictogethersilvercoast.pt\/pt\/spring-2026-interest\/\">Junta-te \u00e0 Lista de Idades Mistas<\/a><\/div>\n<\/div>\n\n<div class=\"et_pb_column_3 et_pb_column et_pb_column_1_3 et-last-child et_block_column et_pb_css_mix_blend_mode_passthrough\">\n<div class=\"et_pb_blurb_2 et_pb_blurb et_pb_bg_layout_light et_pb_blurb_position_top et_pb_module et_block_module\"><div class=\"et_pb_blurb_content\"><div class=\"et_pb_main_blurb_image\"><span class=\"et_pb_image_wrap et_pb_only_image_mode_wrap\"><img loading=\"lazy\" decoding=\"async\" src=\"https:\/\/musictogethersilvercoast.pt\/wp-content\/uploads\/sites\/12\/2026\/02\/Rk-300x225.png\" width=\"300\" height=\"225\" srcset=\"https:\/\/musictogethersilvercoast.pt\/wp-content\/uploads\/sites\/12\/2026\/02\/Rk-300x225.png 300w\" class=\"et_animated wp-image-2707\" alt=\"Rhythm Kids Class\" \/><\/span><\/div><div class=\"et_pb_blurb_container\"><h4 class=\"et_pb_module_header\">Rhythm Kids \u2014 Percuss\u00e3o e Movimento (4\u20139 anos)<\/h4><div class=\"et_pb_blurb_description\"><p>For the \"big kids\" who are ready to take charge. We use djembe drums to explore global rhythms, music games, and improvisation. It\u2019s the perfect bridge between family music and formal lessons.<\/p>\n<p>&nbsp;<\/p>\n<\/div><\/div><\/div><\/div>\n\n<div class=\"et_pb_module et_pb_button_module_wrapper et_pb_button_3_wrapper\"><a class=\"et_pb_button_3 et_pb_button et_pb_bg_layout_light et_pb_module et_block_module\" href=\"https:\/\/musictogethersilvercoast.pt\/pt\/spring-2026-interest\/\">Junta-te \u00e0 Lista de Rhythm Kids<\/a><\/div>\n<\/div>\n<\/div>\n\n<div class=\"et_pb_row_2 et_pb_row et_block_row\">\n<div class=\"et_pb_column_4 et_pb_column et_pb_column_4_4 et-last-child et_block_column et_pb_css_mix_blend_mode_passthrough\">\n<div class=\"et_pb_heading_1 et_pb_heading et_pb_module et_block_module\"><div class=\"et_pb_heading_container\"><h1 class=\"et_pb_module_header\">A Tua Manh\u00e3 Musical de Domingo<\/h1><\/div><\/div>\n\n<div class=\"et_pb_text_2 et_pb_text et_pb_bg_layout_light et_pb_module et_block_module\"><div class=\"et_pb_text_inner\"><p>Agrup\u00e1mos as aulas numa janela m\u00e1gica ao domingo, para poderes viver a m\u00fasica e ainda aproveitar a tarde em fam\u00edlia.<\/p>\n<\/div><\/div>\n<\/div>\n<\/div>\n\n<div class=\"et_pb_row_3 et_pb_row et_block_row\">\n<div class=\"et_pb_column_5 et_pb_column et_pb_column_1_3 et_block_column et_pb_css_mix_blend_mode_passthrough\">\n<div class=\"et_pb_blurb_3 et_pb_blurb et_pb_bg_layout_light et_pb_blurb_position_left et_pb_module et_block_module\"><div class=\"et_pb_blurb_content\"><div class=\"et_pb_main_blurb_image\"><span class=\"et_pb_image_wrap\"><span class=\"et-pb-icon et_animated et_animated\">\uf77c<\/span><\/span><\/div><div class=\"et_pb_blurb_container\"><h4 class=\"et_pb_module_header\">9:30 <\/h4><div class=\"et_pb_blurb_description\"><p>Aula de Beb\u00e9s<\/p>\n<\/div><\/div><\/div><\/div>\n<\/div>\n\n<div class=\"et_pb_column_6 et_pb_column et_pb_column_1_3 et_block_column et_pb_css_mix_blend_mode_passthrough\">\n<div class=\"et_pb_blurb_4 et_pb_blurb et_pb_bg_layout_light et_pb_blurb_position_left et_pb_module et_block_module\"><div class=\"et_pb_blurb_content\"><div class=\"et_pb_main_blurb_image\"><span class=\"et_pb_image_wrap\"><span class=\"et-pb-icon et_animated et_animated\">\uf0c0<\/span><\/span><\/div><div class=\"et_pb_blurb_container\"><h4 class=\"et_pb_module_header\">10:45<\/h4><div class=\"et_pb_blurb_description\"><p>Aula de Idades Mistas<\/p>\n<\/div><\/div><\/div><\/div>\n<\/div>\n\n<div class=\"et_pb_column_7 et_pb_column et_pb_column_1_3 et-last-child et_block_column et_pb_css_mix_blend_mode_passthrough\">\n<div class=\"et_pb_blurb_5 et_pb_blurb et_pb_bg_layout_light et_pb_blurb_position_left et_pb_module et_block_module\"><div class=\"et_pb_blurb_content\"><div class=\"et_pb_main_blurb_image\"><span class=\"et_pb_image_wrap\"><span class=\"et-pb-icon et_animated et_animated\">\uf1ae<\/span><\/span><\/div><div class=\"et_pb_blurb_container\"><h4 class=\"et_pb_module_header\">11:45<\/h4><div class=\"et_pb_blurb_description\"><p>Aula Rhythm Kids<\/p>\n<\/div><\/div><\/div><\/div>\n<\/div>\n<\/div>\n<\/div>\n\n<div class=\"et_pb_section_2 et_pb_section et_section_regular et_block_section section_has_divider et_pb_top_divider et_pb_bottom_divider\"><div class=\"et_pb_top_inside_divider et-no-transition\"><\/div>\n<div class=\"et_pb_row_4 et_pb_row et_block_row\">\n<div class=\"et_pb_column_8 et_pb_column et_pb_column_2_5 et_block_column et_pb_css_mix_blend_mode_passthrough\">\n<div class=\"et_pb_image_0 et_pb_image et_pb_module et_block_module\"><span class=\"et_pb_image_wrap\"><img loading=\"lazy\" decoding=\"async\" src=\"https:\/\/musictogethersilvercoast.pt\/wp-content\/uploads\/sites\/12\/2026\/02\/Untitled-300x164.png\" width=\"300\" height=\"164\" srcset=\"https:\/\/musictogethersilvercoast.pt\/wp-content\/uploads\/sites\/12\/2026\/02\/Untitled-300x164.png 300w\" class=\"wp-image-2733\" title=\"Untitled\" \/><\/span><\/div>\n<\/div>\n\n<div class=\"et_pb_column_9 et_pb_column et_pb_column_3_5 et-last-child et_block_column et_pb_css_mix_blend_mode_passthrough\">\n<div class=\"et_pb_heading_2 et_pb_heading et_pb_module et_block_module\"><div class=\"et_pb_heading_container\"><h1 class=\"et_pb_module_header\">Novo: \u00c9 Dia de Festa! \ud83c\udf82<\/h1><\/div><\/div>\n\n<div class=\"et_pb_text_3 et_pb_text et_pb_bg_layout_light et_pb_module et_block_module\"><div class=\"et_pb_text_inner\"><p>Looking for a unique, screen-free birthday? We bring the djembes, the shakers, and the \"Hello Song\" to your party. 45 minutes of pure musical engagement that kids (and parents) actually love.<\/p>\n<\/div><\/div>\n\n<div class=\"et_pb_module et_pb_button_module_wrapper et_pb_button_4_wrapper\"><a class=\"et_pb_button_4 et_pb_button et_pb_bg_layout_light et_pb_module et_block_module\" href=\"https:\/\/wa.me\/351928128633\">Fala Connosco<\/a><\/div>\n<\/div>\n<\/div>\n<div class=\"et_pb_bottom_inside_divider et-no-transition\"><\/div><\/div>\n\n<div class=\"et_pb_section_3 et_pb_section et_section_regular et_block_section\">\n<div class=\"et_pb_row_5 et_pb_row et_block_row\">\n<div class=\"et_pb_column_10 et_pb_column et_pb_column_4_4 et-last-child et_block_column et_pb_css_mix_blend_mode_passthrough\">\n<div class=\"et_pb_heading_3 et_pb_heading et_pb_module et_block_module\"><div class=\"et_pb_heading_container\"><h1 class=\"et_pb_module_header\">Para Escolas, ATLs e Grupos de Brincadeira<\/h1><\/div><\/div>\n\n<div class=\"et_pb_text_4 et_pb_text et_pb_bg_layout_light et_pb_module et_block_module\"><div class=\"et_pb_text_inner\"><p>Quer trazer um programa musical internacional e baseado em investiga\u00e7\u00e3o ao curr\u00edculo da tua escola? Estabelecemos parcerias com escolas locais para oferecer estabilidade ao longo do ano e imers\u00e3o em ingl\u00eas atrav\u00e9s da m\u00fasica.<\/p>\n<\/div><\/div>\n\n<div class=\"et_pb_text_5 et_pb_text et_pb_bg_layout_light et_pb_module et_block_module\"><div class=\"et_pb_text_inner\"><p><span>\u00a0Transforma o espa\u00e7o educativo da tua comunidade com a alegria da m\u00fasica e do movimento, atrav\u00e9s de programas reconhecidos internacionalmente que apoiam o desenvolvimento integral das crian\u00e7as.<\/span><\/p>\n<\/div><\/div>\n\n<div class=\"et_pb_module et_pb_button_module_wrapper et_pb_button_5_wrapper\"><a class=\"et_pb_button_5 et_pb_button et_pb_bg_layout_light et_pb_module et_block_module\" href=\"https:\/\/musictogethersilvercoast.pt\/pt\/schools-partnership\/\">Sabe mais sobre as nossas Parcerias Escolares<\/a><\/div>\n<\/div>\n<\/div>\n<\/div>","protected":false},"excerpt":{"rendered":"<p>Bring research-based Music Together\u00ae programs to your school in Caldas da Rainha, \u00d3bidos, or Peniche. In-school and afterschool music education for ages 0-10. Free demo available.<\/p>","protected":false},"author":2,"featured_media":0,"parent":0,"menu_order":0,"comment_status":"closed","ping_status":"closed","template":"","meta":{"footnotes":""},"class_list":["post-2367","page","type-page","status-publish","hentry"],"_links":{"self":[{"href":"https:\/\/musictogethersilvercoast.pt\/pt\/wp-json\/wp\/v2\/pages\/2367","targetHints":{"allow":["GET"]}}],"collection":[{"href":"https:\/\/musictogethersilvercoast.pt\/pt\/wp-json\/wp\/v2\/pages"}],"about":[{"href":"https:\/\/musictogethersilvercoast.pt\/pt\/wp-json\/wp\/v2\/types\/page"}],"author":[{"embeddable":true,"href":"https:\/\/musictogethersilvercoast.pt\/pt\/wp-json\/wp\/v2\/users\/2"}],"replies":[{"embeddable":true,"href":"https:\/\/musictogethersilvercoast.pt\/pt\/wp-json\/wp\/v2\/comments?post=2367"}],"version-history":[{"count":91,"href":"https:\/\/musictogethersilvercoast.pt\/pt\/wp-json\/wp\/v2\/pages\/2367\/revisions"}],"predecessor-version":[{"id":2880,"href":"https:\/\/musictogethersilvercoast.pt\/pt\/wp-json\/wp\/v2\/pages\/2367\/revisions\/2880"}],"wp:attachment":[{"href":"https:\/\/musictogethersilvercoast.pt\/pt\/wp-json\/wp\/v2\/media?parent=2367"}],"curies":[{"name":"wp","href":"https:\/\/api.w.org\/{rel}","templated":true}]}}