{"id":551,"date":"2024-01-19T14:18:03","date_gmt":"2024-01-19T14:18:03","guid":{"rendered":"https:\/\/musictogethersilvercoast.pt\/?page_id=551"},"modified":"2026-04-12T23:14:20","modified_gmt":"2026-04-12T22:14:20","slug":"try-a-session","status":"publish","type":"page","link":"https:\/\/musictogethersilvercoast.pt\/pt\/try-a-session\/","title":{"rendered":"Experimente uma aula"},"content":{"rendered":"<div class=\"et_pb_section_0 et_pb_section et_section_regular et_block_section\"><div class=\"et_pb_row_0 et_pb_row et_block_row\"><div class=\"et_pb_column_0 et_pb_column et_pb_column_4_4 et-last-child et_block_column et_pb_css_mix_blend_mode_passthrough\"><div class=\"et_pb_heading_0 et_pb_heading et_pb_module et_block_module\"><div class=\"et_pb_heading_container\"><h1 class=\"et_pb_module_header\">Uma experi\u00eancia \u00fanica para a sua fam\u00edlia<\/h1><\/div><\/div><\/div><\/div><div class=\"et_pb_row_1 et_pb_row et_block_row\"><div class=\"et_pb_column_1 et_pb_column et_pb_column_1_3 et_block_column et_pb_css_mix_blend_mode_passthrough\"><div class=\"et_pb_image_0 et_pb_image et_pb_module et_block_module\"><span class=\"et_pb_image_wrap\"><img loading=\"lazy\" decoding=\"async\" src=\"https:\/\/musictogethersilvercoast.pt\/wp-content\/uploads\/sites\/12\/2024\/05\/todler-mother-lap.jpg\" width=\"359\" height=\"540\" srcset=\"https:\/\/musictogethersilvercoast.pt\/wp-content\/uploads\/sites\/12\/2024\/05\/todler-mother-lap.jpg 359w, https:\/\/musictogethersilvercoast.pt\/wp-content\/uploads\/sites\/12\/2024\/05\/todler-mother-lap-199x300.jpg 199w\" sizes=\"(max-width: 359px) 100vw, 359px\" class=\"wp-image-1486\" title=\"todler mother lap\" \/><\/span><\/div><\/div><div class=\"et_pb_column_2 et_pb_column et_pb_column_2_3 et-last-child et_block_column et_pb_css_mix_blend_mode_passthrough\"><div class=\"et_pb_text_0 et_pb_text et_pb_bg_layout_light et_pb_module et_block_module\"><div class=\"et_pb_text_inner\"><p>Junte-se a n\u00f3s para uma aula de m\u00fasica e movimento, e tempo de qualidade ao ar livre. Conhe\u00e7a outras fam\u00edlias, divirta-se com a sua fam\u00edlia e relaxe no nosso jardim.<\/p>\n<p>Reserve a melhor data para si.\u00a0<\/p>\n<p>O valor desta aula experimental ser\u00e1 deduzido da propina, caso decida inscrever-se a seguir a esta sess\u00e3o.\u00a0<\/p>\n<p>&nbsp;<\/p>\n<p>&nbsp;<\/p>\n<\/div><\/div><\/div><\/div><div class=\"et_pb_row_2 et_pb_row et_block_row\"><div class=\"et_pb_column_3 et_pb_column et_pb_column_2_3 et_block_column et_pb_css_mix_blend_mode_passthrough\"><div class=\"et_pb_blurb_0 et_pb_blurb et_pb_bg_layout_light et_pb_blurb_position_left et_pb_module et_block_module\"><div class=\"et_pb_blurb_content\"><div class=\"et_pb_main_blurb_image\"><span class=\"et_pb_image_wrap et_pb_only_image_mode_wrap\"><img loading=\"lazy\" decoding=\"async\" src=\"https:\/\/musictogethersilvercoast.pt\/wp-content\/uploads\/sites\/12\/2025\/02\/MT-ClassroomPhoto-Outdoors-22-web.jpg\" width=\"2001\" height=\"1333\" srcset=\"https:\/\/musictogethersilvercoast.pt\/wp-content\/uploads\/sites\/12\/2025\/02\/MT-ClassroomPhoto-Outdoors-22-web.jpg 2001w, https:\/\/musictogethersilvercoast.pt\/wp-content\/uploads\/sites\/12\/2025\/02\/MT-ClassroomPhoto-Outdoors-22-web-1280x853.jpg 1280w, https:\/\/musictogethersilvercoast.pt\/wp-content\/uploads\/sites\/12\/2025\/02\/MT-ClassroomPhoto-Outdoors-22-web-980x653.jpg 980w, https:\/\/musictogethersilvercoast.pt\/wp-content\/uploads\/sites\/12\/2025\/02\/MT-ClassroomPhoto-Outdoors-22-web-480x320.jpg 480w\" sizes=\"(min-width: 0px) and (max-width: 480px) 480px, (min-width: 481px) and (max-width: 980px) 980px, (min-width: 981px) and (max-width: 1280px) 1280px, (min-width: 1281px) 2001px, 100vw\" class=\"et_animated wp-image-2566\" \/><\/span><\/div><div class=\"et_pb_blurb_container\"><h4 class=\"et_pb_module_header\">Mixed Ages: Children 0 to 4 Years<\/h4><div class=\"et_pb_blurb_description\"><p>Sing, Dance, Learn, and Have a great time with your child and other young families in a natural setting.<\/p>\n<\/div><\/div><\/div><\/div><\/div><div class=\"et_pb_column_4 et_pb_column et_pb_column_1_3 et-last-child et_block_column et_pb_css_mix_blend_mode_passthrough\"><div class=\"et_pb_text_1 et_pb_text et_pb_bg_layout_light et_pb_module et_block_module\"><div class=\"et_pb_text_inner\"><p>Fridays, 10:00<\/p>\n<\/div><\/div><div class=\"et_pb_text_2 et_pb_text et_pb_bg_layout_light et_pb_module et_block_module\"><div class=\"et_pb_text_inner\"><p><strong>10EUR<\/strong><\/p>\n<\/div><\/div><div class=\"et_pb_module et_pb_button_module_wrapper et_pb_button_0_wrapper\"><a class=\"et_pb_button_0 et_pb_button et_pb_bg_layout_light et_pb_module et_block_module\" href=\"https:\/\/wa.me\/351928128633\">Book (Whatsapp)<\/a><\/div><\/div><\/div><div class=\"et_pb_row_3 et_pb_row et_block_row\"><div class=\"et_pb_column_5 et_pb_column et_pb_column_2_3 et_block_column et_pb_css_mix_blend_mode_passthrough\"><div class=\"et_pb_blurb_1 et_pb_blurb et_pb_bg_layout_light et_pb_blurb_position_left et_pb_module et_block_module\"><div class=\"et_pb_blurb_content\"><div class=\"et_pb_main_blurb_image\"><span class=\"et_pb_image_wrap et_pb_only_image_mode_wrap\"><img loading=\"lazy\" decoding=\"async\" src=\"https:\/\/musictogethersilvercoast.pt\/wp-content\/uploads\/sites\/12\/2025\/02\/21_MT-Photo-RK_Y9A1133_web.jpg\" width=\"1920\" height=\"1280\" srcset=\"https:\/\/musictogethersilvercoast.pt\/wp-content\/uploads\/sites\/12\/2025\/02\/21_MT-Photo-RK_Y9A1133_web.jpg 1920w, https:\/\/musictogethersilvercoast.pt\/wp-content\/uploads\/sites\/12\/2025\/02\/21_MT-Photo-RK_Y9A1133_web-1280x853.jpg 1280w, https:\/\/musictogethersilvercoast.pt\/wp-content\/uploads\/sites\/12\/2025\/02\/21_MT-Photo-RK_Y9A1133_web-980x653.jpg 980w, https:\/\/musictogethersilvercoast.pt\/wp-content\/uploads\/sites\/12\/2025\/02\/21_MT-Photo-RK_Y9A1133_web-480x320.jpg 480w\" sizes=\"(min-width: 0px) and (max-width: 480px) 480px, (min-width: 481px) and (max-width: 980px) 980px, (min-width: 981px) and (max-width: 1280px) 1280px, (min-width: 1281px) 1920px, 100vw\" class=\"et_animated wp-image-2568\" \/><\/span><\/div><div class=\"et_pb_blurb_container\"><h4 class=\"et_pb_module_header\">Rhythm Kids: Children 4 to 9 Years Old<\/h4><div class=\"et_pb_blurb_description\"><p><span>Drum, sing, dance, play rhythm instruments, and play music-based game, while going deeper into music making.<\/span><\/p>\n<\/div><\/div><\/div><\/div><\/div><div class=\"et_pb_column_6 et_pb_column et_pb_column_1_3 et-last-child et_block_column et_pb_css_mix_blend_mode_passthrough\"><div class=\"et_pb_text_3 et_pb_text et_pb_bg_layout_light et_pb_module et_block_module\"><div class=\"et_pb_text_inner\"><p>Sundays, 14:30<\/p>\n<\/div><\/div><div class=\"et_pb_text_4 et_pb_text et_pb_bg_layout_light et_pb_module et_block_module\"><div class=\"et_pb_text_inner\"><p><strong>10EUR<\/strong><\/p>\n<\/div><\/div><div class=\"et_pb_module et_pb_button_module_wrapper et_pb_button_1_wrapper\"><a class=\"et_pb_button_1 et_pb_button et_pb_bg_layout_light et_pb_module et_block_module\" href=\"https:\/\/wa.me\/351928128633\">Book (Whatsapp)<\/a><\/div><\/div><\/div><div class=\"et_pb_row_4 et_pb_row et_block_row\"><div class=\"et_pb_column_7 et_pb_column et_pb_column_4_4 et-last-child et_block_column et_pb_css_mix_blend_mode_passthrough\"><div class=\"et_pb_text_5 et_pb_text et_pb_bg_layout_light et_pb_module et_block_module\"><div class=\"et_pb_text_inner\"><h2><b><strong>Three Programs<\/strong><\/b><\/h2>\n<p style=\"font-weight: 400;\"><strong><b><i><em>- Babies: <\/em><\/i><\/b><\/strong>A special class for parents with babies under nine months old. Participants learn interactive music activities that support their infant\u2019s development and meet other new parents.<\/p>\n<p style=\"font-weight: 400;\"><strong><b><i><em>Mixed Ages:<\/em><\/i><\/b> <span style=\"font-weight: 400;\">O nosso programa original, e mais popular. Aqui, as crian\u00e7as aprendem a brincar, num ambiente muito informal e divertido, rodeado pelas suas fam\u00edlias. Os irm\u00e3os tamb\u00e9m podem participar! <\/span><span style=\"font-weight: 400;\">Este programa \u00e9 o ideal para beb\u00e9s e crian\u00e7as dos 0 aos 4 anos, com os seus cuidadores.<\/span>\u00a0<\/strong><\/p>\n<p style=\"font-weight: 400;\"><strong><b>-Rhythm Kids<sup>\u00ae<\/sup>:<\/b> <span style=\"font-weight: 400;\">Tocar tambor, cantar e dan\u00e7ar ao ritmo de m\u00fasicas de todo o mundo - esta \u00e9 din\u00e2mica do nosso programa desenvolvido especialmente para crian\u00e7as dos 5 aos 8 anos. O curr\u00edculo tamb\u00e9m \u00e9 internacional, e baseado em investiga\u00e7\u00e3o, com uma perspectiva de aprendizagem informal e l\u00fadica.<\/span><\/strong><\/p>\n<\/div><\/div><\/div><\/div><div class=\"et_pb_row_5 et_pb_row et_block_row\"><div class=\"et_pb_column_8 et_pb_column et_pb_column_4_4 et-last-child et_block_column et_pb_css_mix_blend_mode_passthrough\"><div class=\"et_pb_video_0 et_pb_video et_pb_module et_block_module\"><div class=\"et_pb_video_box\"><\/div><\/div><\/div><\/div><div class=\"et_pb_row_6 et_pb_row et_block_row\"><div class=\"et_pb_column_9 et_pb_column et_pb_column_1_2 et_block_column et_pb_css_mix_blend_mode_passthrough\"><div class=\"et_pb_testimonial_0 et_pb_testimonial et_pb_testimonial_no_image et_pb_bg_layout_light et_pb_module et_block_module\"><div class=\"et_pb_testimonial_inner\"><div class=\"et_pb_testimonial_description\"><div class=\"et_pb_testimonial_description_inner\"><div class=\"et_pb_testimonial_content\"><p><em>Among my happiest memories from Sarah's toddler years were the times we spent at Music Together. It was the highlight of our week because for that hour we could just be together in a supportive, creative, and joyful environment.<\/em><\/p>\n<\/div><\/div><div class=\"et_pb_testimonial_meta\"><\/div><\/div><\/div><\/div><\/div><div class=\"et_pb_column_10 et_pb_column et_pb_column_1_2 et-last-child et_block_column et_pb_css_mix_blend_mode_passthrough\"><div class=\"et_pb_testimonial_1 et_pb_testimonial et_pb_testimonial_no_image et_pb_bg_layout_light et_pb_module et_block_module\"><div class=\"et_pb_testimonial_inner\"><div class=\"et_pb_testimonial_description\"><div class=\"et_pb_testimonial_description_inner\"><div class=\"et_pb_testimonial_content\"><p><em>(traduzido) Depois de participar nas aulas com a minha filha, percebi que ficava muito feliz por ter outra pessoa a tomar conta das coisas por um bocado e realmente comecei a cantar e tocar juntas. Obrigada! Todos n\u00f3s ficamos radiantes!<\/em><\/p>\n<\/div><\/div><div class=\"et_pb_testimonial_meta\"><\/div><\/div><\/div><\/div><\/div><\/div><div class=\"et_pb_row_7 et_pb_row et_pb_row_4col et_block_row et_block_row_4col\"><div class=\"et_pb_column_11 et_pb_column et_pb_column_1_4 et_block_column et_pb_css_mix_blend_mode_passthrough\"><div class=\"et_pb_image_1 et_pb_image et_pb_module et_block_module\"><span class=\"et_pb_image_wrap\"><img loading=\"lazy\" decoding=\"async\" src=\"https:\/\/musictogethersilvercoast.pt\/wp-content\/uploads\/sites\/12\/2024\/01\/Ducks.jpg\" width=\"700\" height=\"751\" srcset=\"https:\/\/musictogethersilvercoast.pt\/wp-content\/uploads\/sites\/12\/2024\/01\/Ducks.jpg 700w, https:\/\/musictogethersilvercoast.pt\/wp-content\/uploads\/sites\/12\/2024\/01\/Ducks-480x515.jpg 480w\" sizes=\"(min-width: 0px) and (max-width: 480px) 480px, (min-width: 481px) 700px, 100vw\" class=\"wp-image-644\" title=\"Ducks\" \/><\/span><\/div><\/div><div class=\"et_pb_column_12 et_pb_column et_pb_column_1_4 et_block_column et_pb_css_mix_blend_mode_passthrough\"><div class=\"et_pb_image_2 et_pb_image et_pb_module et_block_module\"><span class=\"et_pb_image_wrap\"><img loading=\"lazy\" decoding=\"async\" src=\"https:\/\/musictogethersilvercoast.pt\/wp-content\/uploads\/sites\/12\/2024\/01\/canvascamp_sibley_sidewall_1.jpg\" width=\"800\" height=\"533\" srcset=\"https:\/\/musictogethersilvercoast.pt\/wp-content\/uploads\/sites\/12\/2024\/01\/canvascamp_sibley_sidewall_1.jpg 800w, https:\/\/musictogethersilvercoast.pt\/wp-content\/uploads\/sites\/12\/2024\/01\/canvascamp_sibley_sidewall_1-480x320.jpg 480w\" sizes=\"(min-width: 0px) and (max-width: 480px) 480px, (min-width: 481px) 800px, 100vw\" class=\"wp-image-645\" title=\"canvascamp_sibley_sidewall_1\" \/><\/span><\/div><\/div><div class=\"et_pb_column_13 et_pb_column et_pb_column_1_4 et_block_column et_pb_css_mix_blend_mode_passthrough\"><div class=\"et_pb_image_3 et_pb_image et_pb_module et_block_module\"><span class=\"et_pb_image_wrap\"><img loading=\"lazy\" decoding=\"async\" src=\"https:\/\/musictogethersilvercoast.pt\/wp-content\/uploads\/sites\/12\/2024\/02\/20240206_163640-scaled.jpg\" width=\"2560\" height=\"1920\" srcset=\"https:\/\/musictogethersilvercoast.pt\/wp-content\/uploads\/sites\/12\/2024\/02\/20240206_163640-scaled.jpg 2560w, https:\/\/musictogethersilvercoast.pt\/wp-content\/uploads\/sites\/12\/2024\/02\/20240206_163640-1280x960.jpg 1280w, https:\/\/musictogethersilvercoast.pt\/wp-content\/uploads\/sites\/12\/2024\/02\/20240206_163640-980x735.jpg 980w, https:\/\/musictogethersilvercoast.pt\/wp-content\/uploads\/sites\/12\/2024\/02\/20240206_163640-480x360.jpg 480w\" sizes=\"(min-width: 0px) and (max-width: 480px) 480px, (min-width: 481px) and (max-width: 980px) 980px, (min-width: 981px) and (max-width: 1280px) 1280px, (min-width: 1281px) 2560px, 100vw\" class=\"wp-image-928\" title=\"20240206_163640\" alt=\"Music Together Eggs Shakers\" \/><\/span><\/div><\/div><div class=\"et_pb_column_14 et_pb_column et_pb_column_1_4 et-last-child et_block_column et_pb_css_mix_blend_mode_passthrough\"><div class=\"et_pb_image_4 et_pb_image et_pb_module et_block_module\"><span class=\"et_pb_image_wrap\"><img loading=\"lazy\" decoding=\"async\" src=\"https:\/\/musictogethersilvercoast.pt\/wp-content\/uploads\/sites\/12\/2024\/01\/Silky-fun.jpg\" width=\"1389\" height=\"1042\" srcset=\"https:\/\/musictogethersilvercoast.pt\/wp-content\/uploads\/sites\/12\/2024\/01\/Silky-fun.jpg 1389w, https:\/\/musictogethersilvercoast.pt\/wp-content\/uploads\/sites\/12\/2024\/01\/Silky-fun-1280x960.jpg 1280w, https:\/\/musictogethersilvercoast.pt\/wp-content\/uploads\/sites\/12\/2024\/01\/Silky-fun-980x735.jpg 980w, https:\/\/musictogethersilvercoast.pt\/wp-content\/uploads\/sites\/12\/2024\/01\/Silky-fun-480x360.jpg 480w\" sizes=\"(min-width: 0px) and (max-width: 480px) 480px, (min-width: 481px) and (max-width: 980px) 980px, (min-width: 981px) and (max-width: 1280px) 1280px, (min-width: 1281px) 1389px, 100vw\" class=\"wp-image-927\" title=\"Silky fun\" \/><\/span><\/div><\/div><\/div><\/div>","protected":false},"excerpt":{"rendered":"","protected":false},"author":2,"featured_media":0,"parent":0,"menu_order":0,"comment_status":"closed","ping_status":"closed","template":"","meta":{"footnotes":""},"class_list":["post-551","page","type-page","status-publish","hentry"],"_links":{"self":[{"href":"https:\/\/musictogethersilvercoast.pt\/pt\/wp-json\/wp\/v2\/pages\/551","targetHints":{"allow":["GET"]}}],"collection":[{"href":"https:\/\/musictogethersilvercoast.pt\/pt\/wp-json\/wp\/v2\/pages"}],"about":[{"href":"https:\/\/musictogethersilvercoast.pt\/pt\/wp-json\/wp\/v2\/types\/page"}],"author":[{"embeddable":true,"href":"https:\/\/musictogethersilvercoast.pt\/pt\/wp-json\/wp\/v2\/users\/2"}],"replies":[{"embeddable":true,"href":"https:\/\/musictogethersilvercoast.pt\/pt\/wp-json\/wp\/v2\/comments?post=551"}],"version-history":[{"count":66,"href":"https:\/\/musictogethersilvercoast.pt\/pt\/wp-json\/wp\/v2\/pages\/551\/revisions"}],"predecessor-version":[{"id":2842,"href":"https:\/\/musictogethersilvercoast.pt\/pt\/wp-json\/wp\/v2\/pages\/551\/revisions\/2842"}],"wp:attachment":[{"href":"https:\/\/musictogethersilvercoast.pt\/pt\/wp-json\/wp\/v2\/media?parent=551"}],"curies":[{"name":"wp","href":"https:\/\/api.w.org\/{rel}","templated":true}]}}