{"id":75,"date":"2024-01-04T20:58:35","date_gmt":"2024-01-04T20:58:35","guid":{"rendered":"https:\/\/musictogethersilvercoast.pt\/?page_id=75"},"modified":"2026-04-12T23:14:10","modified_gmt":"2026-04-12T22:14:10","slug":"what-is-music-together","status":"publish","type":"page","link":"https:\/\/musictogethersilvercoast.pt\/pt\/what-is-music-together\/","title":{"rendered":"O que \u00e9 a Music Together\u24c7?"},"content":{"rendered":"<div class=\"et_pb_section_0 et_pb_section et_section_regular et_block_section\"><div class=\"et_pb_row_0 et_pb_row et_block_row\"><div class=\"et_pb_column_0 et_pb_column et_pb_column_4_4 et-last-child et_block_column et_pb_css_mix_blend_mode_passthrough\"><div class=\"et_pb_post_title_0 et_pb_post_title et_pb_bg_layout_light et_pb_module et_block_module\"><div class=\"et_pb_title_container\"><h1 class=\"entry-title\">O que \u00e9 a Music Together\u24c7?<\/h1><\/div><\/div><div class=\"et_pb_text_0 et_pb_text et_pb_bg_layout_light et_pb_module et_block_module\"><div class=\"et_pb_text_inner\"><p>Aqui na <span style=\"font-weight: 400;\">Music Together\u24c7 Silver Coast<\/span>, estamos orgulhosos por oferecer o programa de m\u00fasica para a primeira inf\u00e2ncia Music Together\u00ae. Desde 1987, a Music Together tem apresentado a milh\u00f5es de crian\u00e7as, pais e professores em todo o mundo os poderosos benef\u00edcios de ter a m\u00fasica nas suas vidas. Hoje, as aulas para crian\u00e7as desde o nascimento at\u00e9 aos 8 anos est\u00e3o dispon\u00edveis em todo o mundo, incluindo aqui mesmo, em Salir do Porto, nas Caldas da Rainha.\u00a0<\/p>\n<p>Desde a fase de beb\u00e9 at\u00e9 aos 8 anos, a Music Together nutre a musicalidade natural de cada crian\u00e7a num ambiente de aprendizagem l\u00fadico e rico em experi\u00eancias musicais. As nossas aulas de m\u00fasica, baseadas em investiga\u00e7\u00e3o, s\u00e3o concebidas para serem informais e n\u00e3o focadas em performance, permitindo que a sua crian\u00e7a aprenda ao seu pr\u00f3prio ritmo, de forma adequada ao seu desenvolvimento.<\/p>\n<p>Ao inscrever-se no nosso programa de m\u00fasica para crian\u00e7as, ter\u00e1 a oportunidade de num programa completo de aulas lideradas por um dos nossos professores treinados. <span style=\"font-weight: 400;\">Music Together\u24c7 Silver Coast<\/span>Vai aprender novas can\u00e7\u00f5es e atividades musicais que servir\u00e3o de inspira\u00e7\u00e3o para integrar a m\u00fasica no dia a dia da sua fam\u00edlia.<\/p>\n<\/div><\/div><\/div><\/div><div class=\"et_pb_row_1 et_pb_row et_block_row\"><div class=\"et_pb_column_1 et_pb_column et_pb_column_1_2 et_block_column et_pb_css_mix_blend_mode_passthrough\"><div class=\"et_pb_blurb_0 et_pb_blurb et_pb_bg_layout_light et_pb_blurb_position_top et_pb_module et_block_module\"><div class=\"et_pb_blurb_content\"><div class=\"et_pb_main_blurb_image\"><span class=\"et_pb_image_wrap et_pb_only_image_mode_wrap\"><img loading=\"lazy\" decoding=\"async\" src=\"http:\/\/musictogethersilvercoast.pt\/wp-content\/uploads\/sites\/12\/2024\/01\/MT-ClassroomPhoto-34-web_425389.jpg\" width=\"1619\" height=\"1082\" srcset=\"http:\/\/musictogethersilvercoast.pt\/wp-content\/uploads\/sites\/12\/2024\/01\/MT-ClassroomPhoto-34-web_425389.jpg 1619w, http:\/\/musictogethersilvercoast.pt\/wp-content\/uploads\/sites\/12\/2024\/01\/MT-ClassroomPhoto-34-web_425389-1280x855.jpg 1280w, http:\/\/musictogethersilvercoast.pt\/wp-content\/uploads\/sites\/12\/2024\/01\/MT-ClassroomPhoto-34-web_425389-980x655.jpg 980w, http:\/\/musictogethersilvercoast.pt\/wp-content\/uploads\/sites\/12\/2024\/01\/MT-ClassroomPhoto-34-web_425389-480x321.jpg 480w\" sizes=\"(min-width: 0px) and (max-width: 480px) 480px, (min-width: 481px) and (max-width: 980px) 980px, (min-width: 981px) and (max-width: 1280px) 1280px, (min-width: 1281px) 1619px, 100vw\" class=\"et_animated wp-image-95\" \/><\/span><\/div><div class=\"et_pb_blurb_container\"><h4 class=\"et_pb_module_header\">Ensinamos da Forma como as Crian\u00e7as Aprendem <\/h4><div class=\"et_pb_blurb_description\"><p>Na Music Together, reconhecemos que as crian\u00e7as aprendem de forma diferente dos adultos: de maneira instintiva e cont\u00ednua, explorando o mundo atrav\u00e9s da imita\u00e7\u00e3o, da brincadeira, da intera\u00e7\u00e3o com adultos e crian\u00e7as mais velhas, e da imers\u00e3o no ambiente ao seu redor.\n\nAs nossas aulas proporcionam um ambiente familiar e acolhedor, ideal para a aprendizagem. Todo o programa \u00e9 fundamentado em pesquisas rigorosas sobre desenvolvimento infantil e musical nos primeiros anos, garantindo uma abordagem pedag\u00f3gica que apoia o potencial \u00fanico de cada crian\u00e7a.<br \/>Saiba mais sobre a investiga\u00e7\u00e3o na Music Together no nosso site global.<\/p>\n<\/div><\/div><\/div><\/div><div class=\"et_pb_blurb_1 et_pb_blurb et_pb_bg_layout_light et_pb_blurb_position_top et_pb_module et_block_module\"><div class=\"et_pb_blurb_content\"><div class=\"et_pb_main_blurb_image\"><span class=\"et_pb_image_wrap et_pb_only_image_mode_wrap\"><img loading=\"lazy\" decoding=\"async\" src=\"http:\/\/musictogethersilvercoast.pt\/wp-content\/uploads\/sites\/12\/2024\/01\/MT-ClassroomPhoto-26-web_425390.jpg\" width=\"1622\" height=\"1080\" srcset=\"http:\/\/musictogethersilvercoast.pt\/wp-content\/uploads\/sites\/12\/2024\/01\/MT-ClassroomPhoto-26-web_425390.jpg 1622w, http:\/\/musictogethersilvercoast.pt\/wp-content\/uploads\/sites\/12\/2024\/01\/MT-ClassroomPhoto-26-web_425390-1280x852.jpg 1280w, http:\/\/musictogethersilvercoast.pt\/wp-content\/uploads\/sites\/12\/2024\/01\/MT-ClassroomPhoto-26-web_425390-980x653.jpg 980w, http:\/\/musictogethersilvercoast.pt\/wp-content\/uploads\/sites\/12\/2024\/01\/MT-ClassroomPhoto-26-web_425390-480x320.jpg 480w\" sizes=\"(min-width: 0px) and (max-width: 480px) 480px, (min-width: 481px) and (max-width: 980px) 980px, (min-width: 981px) and (max-width: 1280px) 1280px, (min-width: 1281px) 1622px, 100vw\" class=\"et_animated wp-image-142\" \/><\/span><\/div><div class=\"et_pb_blurb_container\"><h4 class=\"et_pb_module_header\">O Seu Papel \u00e9 Essencial <\/h4><div class=\"et_pb_blurb_description\"><p>You are your child\u2019s most important music teacher right now! Young children learn through play and experimentation, and by watching and listening to the grown-ups they love. Setting an example as an enthusiastic participator in music activities is the best thing any parent or caregiver can do to help set a child on the road to a lifelong love of music. Parents don't need to have music skills\u2014they just need a desire to play and have fun with their children! Our teachers are specially trained to create a safe atmosphere so you can happily join in, experiment, or even get silly\u2014and feel closer to your child while doing so.<\/p>\n<\/div><\/div><\/div><\/div><\/div><div class=\"et_pb_column_2 et_pb_column et_pb_column_1_2 et-last-child et_block_column et_pb_css_mix_blend_mode_passthrough\"><div class=\"et_pb_blurb_2 et_pb_blurb et_pb_bg_layout_light et_pb_blurb_position_top et_pb_module et_block_module\"><div class=\"et_pb_blurb_content\"><div class=\"et_pb_main_blurb_image\"><span class=\"et_pb_image_wrap et_pb_only_image_mode_wrap\"><img loading=\"lazy\" decoding=\"async\" src=\"http:\/\/musictogethersilvercoast.pt\/wp-content\/uploads\/sites\/12\/2024\/01\/MT-ClassroomPhoto-44-web_425392.jpg\" width=\"1080\" height=\"1620\" srcset=\"http:\/\/musictogethersilvercoast.pt\/wp-content\/uploads\/sites\/12\/2024\/01\/MT-ClassroomPhoto-44-web_425392.jpg 1080w, http:\/\/musictogethersilvercoast.pt\/wp-content\/uploads\/sites\/12\/2024\/01\/MT-ClassroomPhoto-44-web_425392-980x1470.jpg 980w, http:\/\/musictogethersilvercoast.pt\/wp-content\/uploads\/sites\/12\/2024\/01\/MT-ClassroomPhoto-44-web_425392-480x720.jpg 480w\" sizes=\"(min-width: 0px) and (max-width: 480px) 480px, (min-width: 481px) and (max-width: 980px) 980px, (min-width: 981px) 1080px, 100vw\" class=\"et_animated wp-image-141\" \/><\/span><\/div><div class=\"et_pb_blurb_container\"><h4 class=\"et_pb_module_header\">A Aprendizagem Musical Apoia Todas as Formas de Aprendizagem \/ Music Learning Supports All Learning\u00ae<\/h4><div class=\"et_pb_blurb_description\"><p>Wiggling, singing, and laughing with your child is so much fun, it's easy to forget how much learning is taking place! Our research-based curriculum not only develops music skills, it nurtures creativity, self-expression, and confidence while also supporting social, emotional, cognitive, and physical development. Because these benefits build over time, children enjoy the fullest growth in each of these areas when they participate as consistently as possible up through kindergarten.<\/p>\n<\/div><\/div><\/div><\/div><div class=\"et_pb_blurb_3 et_pb_blurb et_pb_bg_layout_light et_pb_blurb_position_top et_pb_module et_block_module\"><div class=\"et_pb_blurb_content\"><div class=\"et_pb_main_blurb_image\"><span class=\"et_pb_image_wrap et_pb_only_image_mode_wrap\"><img loading=\"lazy\" decoding=\"async\" src=\"http:\/\/musictogethersilvercoast.pt\/wp-content\/uploads\/sites\/12\/2024\/01\/MTPic87-web_425397.jpg\" width=\"600\" height=\"400\" srcset=\"http:\/\/musictogethersilvercoast.pt\/wp-content\/uploads\/sites\/12\/2024\/01\/MTPic87-web_425397.jpg 600w, http:\/\/musictogethersilvercoast.pt\/wp-content\/uploads\/sites\/12\/2024\/01\/MTPic87-web_425397-480x320.jpg 480w\" sizes=\"(min-width: 0px) and (max-width: 480px) 480px, (min-width: 481px) 600px, 100vw\" class=\"et_animated wp-image-143\" \/><\/span><\/div><div class=\"et_pb_blurb_container\"><h4 class=\"et_pb_module_header\">Music Together nas escolas<\/h4><div class=\"et_pb_blurb_description\"><p>Tamb\u00e9m podemos levar o Music Together para a escola da sua crian\u00e7a. Ensinado por uma especialista da <span style=\"font-weight: 400;\">Music Together\u24c7 Silver Coast<\/span>, em coopera\u00e7\u00e3o com os professores, o nosso curr\u00edculo pode ser facilmente integrado em qualquer ambiente de aprendizagem precoce, incluindo programas de pr\u00e9-escolar, os primeiros anos do 1.\u00ba ciclo, salas de aula do programa Head Start, creches, comunidades de aprendizagem, apoio a ensino dom\u00e9stico\/homeschooling e cuidados ao domic\u00edlio.<\/p>\n<\/div><\/div><\/div><\/div><\/div><\/div><\/div>","protected":false},"excerpt":{"rendered":"","protected":false},"author":2,"featured_media":0,"parent":0,"menu_order":0,"comment_status":"closed","ping_status":"closed","template":"","meta":{"footnotes":""},"class_list":["post-75","page","type-page","status-publish","hentry"],"_links":{"self":[{"href":"https:\/\/musictogethersilvercoast.pt\/pt\/wp-json\/wp\/v2\/pages\/75","targetHints":{"allow":["GET"]}}],"collection":[{"href":"https:\/\/musictogethersilvercoast.pt\/pt\/wp-json\/wp\/v2\/pages"}],"about":[{"href":"https:\/\/musictogethersilvercoast.pt\/pt\/wp-json\/wp\/v2\/types\/page"}],"author":[{"embeddable":true,"href":"https:\/\/musictogethersilvercoast.pt\/pt\/wp-json\/wp\/v2\/users\/2"}],"replies":[{"embeddable":true,"href":"https:\/\/musictogethersilvercoast.pt\/pt\/wp-json\/wp\/v2\/comments?post=75"}],"version-history":[{"count":10,"href":"https:\/\/musictogethersilvercoast.pt\/pt\/wp-json\/wp\/v2\/pages\/75\/revisions"}],"predecessor-version":[{"id":2832,"href":"https:\/\/musictogethersilvercoast.pt\/pt\/wp-json\/wp\/v2\/pages\/75\/revisions\/2832"}],"wp:attachment":[{"href":"https:\/\/musictogethersilvercoast.pt\/pt\/wp-json\/wp\/v2\/media?parent=75"}],"curies":[{"name":"wp","href":"https:\/\/api.w.org\/{rel}","templated":true}]}}