{"id":91,"date":"2024-01-05T17:45:07","date_gmt":"2024-01-05T17:45:07","guid":{"rendered":"https:\/\/musictogethersilvercoast.pt\/?page_id=91"},"modified":"2026-04-12T23:14:12","modified_gmt":"2026-04-12T22:14:12","slug":"testimonials","status":"publish","type":"page","link":"https:\/\/musictogethersilvercoast.pt\/pt\/testimonials\/","title":{"rendered":"Opini\u00f5es das Fam\u00edlias"},"content":{"rendered":"<div class=\"et_pb_section_0 et_pb_section et_section_regular et_block_section\"><div class=\"et_pb_row_0 et_pb_row et_block_row\"><div class=\"et_pb_column_0 et_pb_column et_pb_column_4_4 et-last-child et_block_column et_pb_css_mix_blend_mode_passthrough\"><div class=\"et_pb_post_title_0 et_pb_post_title et_pb_bg_layout_light et_pb_module et_block_module\"><div class=\"et_pb_title_container\"><h1 class=\"entry-title\">Opini\u00f5es das Fam\u00edlias<\/h1><\/div><\/div><\/div><\/div><div class=\"et_pb_row_1 et_pb_row et_block_row\"><div class=\"et_pb_column_1 et_pb_column et_pb_column_4_4 et-last-child et_block_column et_pb_css_mix_blend_mode_passthrough\"><div class=\"et_pb_text_0 et_pb_text et_pb_bg_layout_light et_pb_module et_block_module\"><div class=\"et_pb_text_inner\"><p>De Fam\u00edlias Music Together<span>\u24c7<\/span> Felizes<br \/>Veja o que outras fam\u00edlias t\u00eam a dizer sobre as a aulas Music Together!<\/p>\n<\/div><\/div><\/div><\/div><div class=\"et_pb_row_2 et_pb_row et_block_row\"><div class=\"et_pb_column_2 et_pb_column et_pb_column_4_4 et-last-child et_block_column et_pb_css_mix_blend_mode_passthrough\"><div class=\"et_pb_testimonial_0 et_pb_testimonial et_pb_testimonial_no_image et_pb_bg_layout_light et_pb_module et_block_module\"><div class=\"et_pb_testimonial_inner\"><div class=\"et_pb_testimonial_description\"><div class=\"et_pb_testimonial_description_inner\"><div class=\"et_pb_testimonial_content\"><div class=\"et_pb_testimonial_description_inner\">\n<div class=\"et_pb_testimonial_content\">\n<div class=\"et_pb_testimonial_description_inner\">\n<div class=\"et_pb_testimonial_content\">\n<p>Fui a uma sess\u00e3o experimental gratuita com as minhas duas filhas (2 e 4 anos) e elas adoraram! Ela \u00e9 muito simp\u00e1tica e as crian\u00e7as podem explorar livremente o seu grande jardim com animais de quinta. A aula \u00e9 numa tenda de glamping, muito id\u00edlico. Tanto para crian\u00e7as portuguesas como inglesas.<\/p>\n<\/div>\n<\/div>\n<\/div>\n<\/div>\n<\/div><\/div><div class=\"et_pb_testimonial_author\">Katrien<\/div><div class=\"et_pb_testimonial_meta\"><span class=\"et_pb_testimonial_position\">Salir do Porto, Portugal<\/span><\/div><\/div><\/div><\/div><div class=\"et_pb_testimonial_1 et_pb_testimonial et_pb_testimonial_no_image et_pb_bg_layout_light et_pb_module et_block_module\"><div class=\"et_pb_testimonial_inner\"><div class=\"et_pb_testimonial_description\"><div class=\"et_pb_testimonial_description_inner\"><div class=\"et_pb_testimonial_content\"><p>\u201cMy daughter was a colicky baby who was difficult to soothe. Although she was held, rocked, crooned, and sung to constantly, nothing seemed to help . . . until the 'Hello Song' entered our lives. The 'Hello Song' could immediately stop crying spells, even if just for a short time, and other songs from the Tambourine collection had a similar effect! We were immediately hooked!!\u201d<\/p>\n<\/div><\/div><div class=\"et_pb_testimonial_author\">Nicole Y.<\/div><div class=\"et_pb_testimonial_meta\"><span class=\"et_pb_testimonial_position\">Long Island, NY<\/span><\/div><\/div><\/div><\/div><div class=\"et_pb_testimonial_2 et_pb_testimonial et_pb_testimonial_no_image et_pb_bg_layout_light et_pb_module et_block_module\"><div class=\"et_pb_testimonial_inner\"><div class=\"et_pb_testimonial_description\"><div class=\"et_pb_testimonial_description_inner\"><div class=\"et_pb_testimonial_content\"><p>My husband teases me because whenever I mention Music Together to anyone, he always pipes up my next line which is 'best money we ever spent.' I truly mean it. Kudos to Ken and Lili for a program that outshines any other I have seen around!<\/p>\n<\/div><\/div><div class=\"et_pb_testimonial_author\">Kim<\/div><div class=\"et_pb_testimonial_meta\"><span class=\"et_pb_testimonial_position\">Princeton, NJ<\/span><\/div><\/div><\/div><\/div><div class=\"et_pb_video_0 et_pb_video et_pb_module et_block_module\"><div class=\"et_pb_video_box\"><iframe loading=\"lazy\" title=\"See what families say about us!\" width=\"1080\" height=\"608\" src=\"https:\/\/www.youtube.com\/embed\/Zg2E2HdVaqo?feature=oembed\"  allow=\"accelerometer; autoplay; clipboard-write; encrypted-media; gyroscope; picture-in-picture; web-share\" referrerpolicy=\"strict-origin-when-cross-origin\" allowfullscreen><\/iframe><\/div><\/div><\/div><\/div><\/div>","protected":false},"excerpt":{"rendered":"","protected":false},"author":2,"featured_media":0,"parent":0,"menu_order":0,"comment_status":"closed","ping_status":"closed","template":"","meta":{"footnotes":""},"class_list":["post-91","page","type-page","status-publish","hentry"],"_links":{"self":[{"href":"https:\/\/musictogethersilvercoast.pt\/pt\/wp-json\/wp\/v2\/pages\/91","targetHints":{"allow":["GET"]}}],"collection":[{"href":"https:\/\/musictogethersilvercoast.pt\/pt\/wp-json\/wp\/v2\/pages"}],"about":[{"href":"https:\/\/musictogethersilvercoast.pt\/pt\/wp-json\/wp\/v2\/types\/page"}],"author":[{"embeddable":true,"href":"https:\/\/musictogethersilvercoast.pt\/pt\/wp-json\/wp\/v2\/users\/2"}],"replies":[{"embeddable":true,"href":"https:\/\/musictogethersilvercoast.pt\/pt\/wp-json\/wp\/v2\/comments?post=91"}],"version-history":[{"count":7,"href":"https:\/\/musictogethersilvercoast.pt\/pt\/wp-json\/wp\/v2\/pages\/91\/revisions"}],"predecessor-version":[{"id":2834,"href":"https:\/\/musictogethersilvercoast.pt\/pt\/wp-json\/wp\/v2\/pages\/91\/revisions\/2834"}],"wp:attachment":[{"href":"https:\/\/musictogethersilvercoast.pt\/pt\/wp-json\/wp\/v2\/media?parent=91"}],"curies":[{"name":"wp","href":"https:\/\/api.w.org\/{rel}","templated":true}]}}